{"id":4173,"date":"2021-11-26T11:06:51","date_gmt":"2021-11-26T10:06:51","guid":{"rendered":"https:\/\/upvers.webs.upv.es\/victoria-gonzalez\/"},"modified":"2021-11-26T12:53:21","modified_gmt":"2021-11-26T11:53:21","slug":"victoria-gonzalez","status":"publish","type":"page","link":"https:\/\/realinfluencers.webs.upv.es\/val-es\/victoria-gonzalez\/","title":{"rendered":"Victoria Gonz\u00e1lez"},"content":{"rendered":"<div class=\"wpb-content-wrapper\"><p>[vc_row full_width=&#8221;stretch_row&#8221; css=&#8221;.vc_custom_1637308201502{padding-top: 30% !important;padding-bottom: 30% !important;background-image: url(https:\/\/realinfluencers.webs.upv.es\/wp-content\/uploads\/2021\/11\/victoria-principal.jpg?id=3675) !important;background-position: center !important;background-repeat: no-repeat !important;background-size: cover !important;}&#8221;][vc_column][vc_row_inner][vc_column_inner offset=&#8221;vc_hidden-sm vc_hidden-xs&#8221;][vc_custom_heading heading_style=&#8221;heading_style_3&#8243; text=&#8221;&#8221; font_container=&#8221;tag:h1|font_size:100px|text_align:center&#8221; use_theme_fonts=&#8221;yes&#8221; el_class=&#8221;nombre&#8221; sub_heading=&#8221;Victoria Gonz\u00e1lez&#8221;][\/vc_column_inner][\/vc_row_inner][vc_row_inner][vc_column_inner offset=&#8221;vc_hidden-lg vc_hidden-md&#8221;][vc_custom_heading heading_style=&#8221;heading_style_3&#8243; text=&#8221;&#8221; font_container=&#8221;tag:h1|font_size:20px|text_align:center&#8221; use_theme_fonts=&#8221;yes&#8221; el_class=&#8221;nombre&#8221; sub_heading=&#8221;Victoria Gonz\u00e1lez&#8221;][\/vc_column_inner][\/vc_row_inner][\/vc_column][\/vc_row][vc_row css=&#8221;.vc_custom_1637241631557{margin-top: -150px !important;}&#8221;][vc_column][vc_row_inner content_placement=&#8221;middle&#8221;][vc_column_inner width=&#8221;1\/2&#8243;][vc_single_image image=&#8221;4219&#8243; img_size=&#8221;full&#8221;][\/vc_column_inner][vc_column_inner width=&#8221;1\/2&#8243; css=&#8221;.vc_custom_1637225844218{margin-top: 2% !important;margin-right: 2% !important;margin-bottom: 2% !important;margin-left: 2% !important;padding-top: 8% !important;padding-right: 8% !important;padding-bottom: 8% !important;padding-left: 8% !important;background-color: #000000 !important;}&#8221;][vc_column_text]<\/p>\n<div class=\"video-info-box\">\n<div class=\"video-info-box\">\n<h6 class=\"info-title\">NOM<\/h6>\n<p class=\"info-value\">Victoria Gonz\u00e1lez<\/p>\n<\/div>\n<div class=\"video-info-box\">\n<h6 class=\"info-title\">PROFESSI\u00d3<\/h6>\n<p class=\"info-value\">Consultora multidisciplin\u00e0ria<\/p>\n<\/div>\n<div class=\"video-info-box\">\n<h6 class=\"info-title\">FORMACI\u00d3<\/h6>\n<p class=\"info-value\">Graduada en Enginyeria de Telecomunicaci\u00f3 per la UPV<\/p>\n<\/div>\n<div class=\"video-info-box\">\n<h6 class=\"info-title\">PROMOCI\u00d3<\/h6>\n<p class=\"info-value\">1994-1999<\/p>\n<\/div>\n<div class=\"video-info-box\">\n<h6 class=\"info-title\">SUPERPODER<\/h6>\n<p class=\"info-value\">Permet que milions de persones es comuniquen<\/p>\n<\/div>\n<\/div>\n<p>[\/vc_column_text][\/vc_column_inner][\/vc_row_inner][\/vc_column][\/vc_row][vc_row][vc_column][vc_custom_heading heading_style=&#8221;heading_style_3&#8243; text=&#8221;Consultora multidisciplin\u00e0ria&#8221; font_container=&#8221;tag:h2|text_align:center&#8221; google_fonts=&#8221;font_family:GFS%20Didot%3Aregular|font_style:400%20regular%3A400%3Anormal&#8221; sub_heading=&#8221;Victoria Gonz\u00e1lez&#8221;][\/vc_column][\/vc_row][vc_row][vc_column][vc_row_inner][vc_column_inner width=&#8221;1\/6&#8243;][\/vc_column_inner][vc_column_inner width=&#8221;2\/3&#8243;][vc_column_text el_class=&#8221;texto-alumni&#8221;]Victoria Gonz\u00e1lez \u00e9s Responsable de Qualitat i co-founder en IONCLINICS, empresa de base tecnologica (I+D), en la qual es dissenyen i fabriquen dispositius d&#8217;electromedicina que permeten millorar la salut de les persones.<\/p>\n<p>Els seus equips ajuden a persones amb patologies del sistema m\u00fascul esquel\u00e8tic i sistema nervi\u00f3s, i s\u00f3n reconeguts en el mercat sanitari com a dispositius EPTE.<\/p>\n<p>El seu perfil vers\u00e0til com a Graduada en Enginyera de Telecomunicaci\u00f3, l&#8217;ha portada a passar per diferents sectors com el m\u00f3n de l&#8217;ac\u00fastica i Broadcast, participant en projectes amb centres tecnol\u00f2gics, administraci\u00f3 p\u00fablica i empreses pioneres.<\/p>\n<p>Coneixes totes les compet\u00e8ncies d&#8217;un graduat en enginyeria de telecomunicaci\u00f3? Ella tampoc les coneixia i ara gaudeix d&#8217;elles en la seua vida real.[\/vc_column_text][\/vc_column_inner][vc_column_inner width=&#8221;1\/6&#8243;][\/vc_column_inner][\/vc_row_inner][vc_empty_space height=&#8221;25px&#8221;]  \n        \n        <div class=\" \">\n                <div class=\"single-video-shortcode-wrapper style_1 \">\n        <div class=\"video-content\">\n                            <div class=\"video-image\">\n                    <img loading=\"lazy\" decoding=\"async\" width=\"800\" height=\"458\" src=\"https:\/\/realinfluencers.webs.upv.es\/wp-content\/uploads\/2021\/11\/victoria.jpg\" class=\"attachment-post-thumbnail size-post-thumbnail wp-post-image\" alt=\"\" srcset=\"https:\/\/realinfluencers.webs.upv.es\/wp-content\/uploads\/2021\/11\/victoria.jpg 800w, https:\/\/realinfluencers.webs.upv.es\/wp-content\/uploads\/2021\/11\/victoria-300x172.jpg 300w, https:\/\/realinfluencers.webs.upv.es\/wp-content\/uploads\/2021\/11\/victoria-768x440.jpg 768w\" sizes=\"auto, (max-width: 800px) 100vw, 800px\" \/>                                        <div class=\"video-icon\">\n                        <a href=\"javascript:;\" class=\"view-video-button\" data-id=\"3450\" data-player=\"none\" data-server=\"vimeo\"><\/a>\n                    <\/div>\n                                        <div class=\"video-meta\">\n                        <h5 class=\"video-title\"><a href=\"https:\/\/realinfluencers.webs.upv.es\/val-es\/video\/victoria-gonzalez\/\">Victoria Gonz\u00e1lez<\/a><\/h5>\n                        <p class=\"video-excerpt\">\n                                                    <\/p>\n                    <\/div>\n                <\/div>\n                    <\/div>\n    <\/div>\n        <\/div>\n        \n        [vc_empty_space height=&#8221;25px&#8221;][vc_empty_space height=&#8221;50px&#8221;][\/vc_column][\/vc_row][vc_row css=&#8221;.vc_custom_1637241710148{padding-bottom: 6% !important;}&#8221;][vc_column]                        <div class=\"  \">\n                <div class=\"footer-gallery-shortcode-wrap style_1 \">\n    <div class=\"footer-gallery-content\">\n        <ul class=\"image-list columns-4\">\n                                                    <li>\n                        <a href=\"https:\/\/upvers.webs.upv.es\/val-es\/abdon-alcaniz\/\" target=\"_self\">\n                            <img decoding=\"async\" src=\"https:\/\/realinfluencers.webs.upv.es\/wp-content\/uploads\/2021\/11\/abdon-cartel.jpg\" alt=\"Abd\u00f3n Alca\u00f1iz\">\n                        <\/a>\n                    <\/li>\n                                                                        <li>\n                        <a href=\"https:\/\/upvers.webs.upv.es\/val-es\/fabio-carmona\/\" target=\"_self\">\n                            <img decoding=\"async\" src=\"https:\/\/realinfluencers.webs.upv.es\/wp-content\/uploads\/2021\/11\/cartel-fabio.jpg\" alt=\"Fabio Carmona\">\n                        <\/a>\n                    <\/li>\n                                                                        <li>\n                        <a href=\"https:\/\/upvers.webs.upv.es\/val-es\/sara-perales\/\" target=\"_self\">\n                            <img decoding=\"async\" src=\"https:\/\/realinfluencers.webs.upv.es\/wp-content\/uploads\/2021\/11\/cartel-sara.jpg\" alt=\"Sara Perales\">\n                        <\/a>\n                    <\/li>\n                                                                        <li>\n                        <a href=\"https:\/\/upvers.webs.upv.es\/val-es\/rafael-argiles\/\" target=\"_self\">\n                            <img decoding=\"async\" src=\"https:\/\/realinfluencers.webs.upv.es\/wp-content\/uploads\/2021\/11\/cartel-rafa.jpg\" alt=\"Rafael Argil\u00e9s\">\n                        <\/a>\n                    <\/li>\n                                        <\/ul>\n    <\/div>\n<\/div>            <\/div>\n                    [\/vc_column][\/vc_row]<\/p>\n<\/div>","protected":false},"excerpt":{"rendered":"<p>[vc_row full_width=&#8221;stretch_row&#8221; css=&#8221;.vc_custom_1637308201502{padding-top: 30% !important;padding-bottom: 30% !important;background-image: url(https:\/\/realinfluencers.webs.upv.es\/wp-content\/uploads\/2021\/11\/victoria-principal.jpg?id=3675) !important;background-position: center !important;background-repeat: no-repeat !important;background-size: cover !important;}&#8221;][vc_column][vc_row_inner][vc_column_inner offset=&#8221;vc_hidden-sm vc_hidden-xs&#8221;][vc_custom_heading heading_style=&#8221;heading_style_3&#8243; text=&#8221;&#8221; font_container=&#8221;tag:h1|font_size:100px|text_align:center&#8221; use_theme_fonts=&#8221;yes&#8221; el_class=&#8221;nombre&#8221; sub_heading=&#8221;Victoria Gonz\u00e1lez&#8221;][\/vc_column_inner][\/vc_row_inner][vc_row_inner][vc_column_inner offset=&#8221;vc_hidden-lg vc_hidden-md&#8221;][vc_custom_heading heading_style=&#8221;heading_style_3&#8243; text=&#8221;&#8221; font_container=&#8221;tag:h1|font_size:20px|text_align:center&#8221; use_theme_fonts=&#8221;yes&#8221; el_class=&#8221;nombre&#8221; sub_heading=&#8221;Victoria Gonz\u00e1lez&#8221;][\/vc_column_inner][\/vc_row_inner][\/vc_column][\/vc_row][vc_row css=&#8221;.vc_custom_1637241631557{margin-top: -150px !important;}&#8221;][vc_column][vc_row_inner content_placement=&#8221;middle&#8221;][vc_column_inner width=&#8221;1\/2&#8243;][vc_single_image image=&#8221;4219&#8243; img_size=&#8221;full&#8221;][\/vc_column_inner][vc_column_inner width=&#8221;1\/2&#8243; css=&#8221;.vc_custom_1637225844218{margin-top: 2% !important;margin-right: 2% !important;margin-bottom: 2% !important;margin-left: 2% !important;padding-top: 8% !important;padding-right: 8% !important;padding-bottom: 8% [&hellip;]<\/p>\n","protected":false},"author":2,"featured_media":0,"parent":0,"menu_order":0,"comment_status":"closed","ping_status":"closed","template":"","meta":{"inline_featured_image":false,"footnotes":""},"class_list":["post-4173","page","type-page","status-publish","hentry","clearfix"],"yoast_head":"<!-- This site is optimized with the Yoast SEO plugin v27.5 - https:\/\/yoast.com\/product\/yoast-seo-wordpress\/ -->\n<title>Victoria Gonz\u00e1lez - Upvers<\/title>\n<meta name=\"robots\" content=\"noindex, follow, max-snippet:-1, max-image-preview:large, max-video-preview:-1\" \/>\n<meta property=\"og:locale\" content=\"en_US\" \/>\n<meta property=\"og:type\" content=\"article\" \/>\n<meta property=\"og:title\" content=\"Victoria Gonz\u00e1lez - Upvers\" \/>\n<meta property=\"og:description\" content=\"[vc_row full_width=&#8221;stretch_row&#8221; css=&#8221;.vc_custom_1637308201502{padding-top: 30% !important;padding-bottom: 30% !important;background-image: url(https:\/\/realinfluencers.webs.upv.es\/wp-content\/uploads\/2021\/11\/victoria-principal.jpg?id=3675) !important;background-position: center !important;background-repeat: no-repeat !important;background-size: cover !important;}&#8221;][vc_column][vc_row_inner][vc_column_inner offset=&#8221;vc_hidden-sm vc_hidden-xs&#8221;][vc_custom_heading heading_style=&#8221;heading_style_3&#8243; text=&#8221;&#8221; font_container=&#8221;tag:h1|font_size:100px|text_align:center&#8221; use_theme_fonts=&#8221;yes&#8221; el_class=&#8221;nombre&#8221; sub_heading=&#8221;Victoria Gonz\u00e1lez&#8221;][\/vc_column_inner][\/vc_row_inner][vc_row_inner][vc_column_inner offset=&#8221;vc_hidden-lg vc_hidden-md&#8221;][vc_custom_heading heading_style=&#8221;heading_style_3&#8243; text=&#8221;&#8221; font_container=&#8221;tag:h1|font_size:20px|text_align:center&#8221; use_theme_fonts=&#8221;yes&#8221; el_class=&#8221;nombre&#8221; sub_heading=&#8221;Victoria Gonz\u00e1lez&#8221;][\/vc_column_inner][\/vc_row_inner][\/vc_column][\/vc_row][vc_row css=&#8221;.vc_custom_1637241631557{margin-top: -150px !important;}&#8221;][vc_column][vc_row_inner content_placement=&#8221;middle&#8221;][vc_column_inner width=&#8221;1\/2&#8243;][vc_single_image image=&#8221;4219&#8243; img_size=&#8221;full&#8221;][\/vc_column_inner][vc_column_inner width=&#8221;1\/2&#8243; css=&#8221;.vc_custom_1637225844218{margin-top: 2% !important;margin-right: 2% !important;margin-bottom: 2% !important;margin-left: 2% !important;padding-top: 8% !important;padding-right: 8% !important;padding-bottom: 8% [&hellip;]\" \/>\n<meta property=\"og:url\" content=\"https:\/\/realinfluencers.webs.upv.es\/val-es\/victoria-gonzalez\/\" \/>\n<meta property=\"og:site_name\" content=\"Upvers\" \/>\n<meta property=\"article:modified_time\" content=\"2021-11-26T11:53:21+00:00\" \/>\n<meta property=\"og:image\" content=\"https:\/\/realinfluencers.webs.upv.es\/wp-content\/uploads\/2021\/11\/UPVERS-Slider-scaled.jpg\" \/>\n\t<meta property=\"og:image:width\" content=\"2560\" \/>\n\t<meta property=\"og:image:height\" content=\"1600\" \/>\n\t<meta property=\"og:image:type\" content=\"image\/jpeg\" \/>\n<meta name=\"twitter:card\" content=\"summary_large_image\" \/>\n<meta name=\"twitter:label1\" content=\"Est. reading time\" \/>\n\t<meta name=\"twitter:data1\" content=\"1 minute\" \/>\n<script type=\"application\/ld+json\" class=\"yoast-schema-graph\">{\"@context\":\"https:\\\/\\\/schema.org\",\"@graph\":[{\"@type\":\"WebPage\",\"@id\":\"https:\\\/\\\/realinfluencers.webs.upv.es\\\/val-es\\\/victoria-gonzalez\\\/\",\"url\":\"https:\\\/\\\/realinfluencers.webs.upv.es\\\/val-es\\\/victoria-gonzalez\\\/\",\"name\":\"Victoria Gonz\u00e1lez - Upvers\",\"isPartOf\":{\"@id\":\"https:\\\/\\\/realinfluencers.webs.upv.es\\\/#website\"},\"datePublished\":\"2021-11-26T10:06:51+00:00\",\"dateModified\":\"2021-11-26T11:53:21+00:00\",\"breadcrumb\":{\"@id\":\"https:\\\/\\\/realinfluencers.webs.upv.es\\\/val-es\\\/victoria-gonzalez\\\/#breadcrumb\"},\"inLanguage\":\"val-ES\",\"potentialAction\":[{\"@type\":\"ReadAction\",\"target\":[\"https:\\\/\\\/realinfluencers.webs.upv.es\\\/val-es\\\/victoria-gonzalez\\\/\"]}]},{\"@type\":\"BreadcrumbList\",\"@id\":\"https:\\\/\\\/realinfluencers.webs.upv.es\\\/val-es\\\/victoria-gonzalez\\\/#breadcrumb\",\"itemListElement\":[{\"@type\":\"ListItem\",\"position\":1,\"name\":\"Portada\",\"item\":\"https:\\\/\\\/realinfluencers.webs.upv.es\\\/val-es\\\/\"},{\"@type\":\"ListItem\",\"position\":2,\"name\":\"Victoria Gonz\u00e1lez\"}]},{\"@type\":\"WebSite\",\"@id\":\"https:\\\/\\\/realinfluencers.webs.upv.es\\\/#website\",\"url\":\"https:\\\/\\\/realinfluencers.webs.upv.es\\\/\",\"name\":\"Upvers\",\"description\":\"\",\"publisher\":{\"@id\":\"https:\\\/\\\/realinfluencers.webs.upv.es\\\/#organization\"},\"potentialAction\":[{\"@type\":\"SearchAction\",\"target\":{\"@type\":\"EntryPoint\",\"urlTemplate\":\"https:\\\/\\\/realinfluencers.webs.upv.es\\\/?s={search_term_string}\"},\"query-input\":{\"@type\":\"PropertyValueSpecification\",\"valueRequired\":true,\"valueName\":\"search_term_string\"}}],\"inLanguage\":\"val-ES\"},{\"@type\":\"Organization\",\"@id\":\"https:\\\/\\\/realinfluencers.webs.upv.es\\\/#organization\",\"name\":\"Alumni Upvers\",\"url\":\"https:\\\/\\\/realinfluencers.webs.upv.es\\\/\",\"logo\":{\"@type\":\"ImageObject\",\"inLanguage\":\"val-ES\",\"@id\":\"https:\\\/\\\/realinfluencers.webs.upv.es\\\/#\\\/schema\\\/logo\\\/image\\\/\",\"url\":\"https:\\\/\\\/realinfluencers.webs.upv.es\\\/wp-content\\\/uploads\\\/2021\\\/11\\\/UPVERS-logo.png\",\"contentUrl\":\"https:\\\/\\\/realinfluencers.webs.upv.es\\\/wp-content\\\/uploads\\\/2021\\\/11\\\/UPVERS-logo.png\",\"width\":833,\"height\":1042,\"caption\":\"Alumni Upvers\"},\"image\":{\"@id\":\"https:\\\/\\\/realinfluencers.webs.upv.es\\\/#\\\/schema\\\/logo\\\/image\\\/\"}}]}<\/script>\n<!-- \/ Yoast SEO plugin. -->","yoast_head_json":{"title":"Victoria Gonz\u00e1lez - Upvers","robots":{"index":"noindex","follow":"follow","max-snippet":"max-snippet:-1","max-image-preview":"max-image-preview:large","max-video-preview":"max-video-preview:-1"},"og_locale":"en_US","og_type":"article","og_title":"Victoria Gonz\u00e1lez - Upvers","og_description":"[vc_row full_width=&#8221;stretch_row&#8221; css=&#8221;.vc_custom_1637308201502{padding-top: 30% !important;padding-bottom: 30% !important;background-image: url(https:\/\/realinfluencers.webs.upv.es\/wp-content\/uploads\/2021\/11\/victoria-principal.jpg?id=3675) !important;background-position: center !important;background-repeat: no-repeat !important;background-size: cover !important;}&#8221;][vc_column][vc_row_inner][vc_column_inner offset=&#8221;vc_hidden-sm vc_hidden-xs&#8221;][vc_custom_heading heading_style=&#8221;heading_style_3&#8243; text=&#8221;&#8221; font_container=&#8221;tag:h1|font_size:100px|text_align:center&#8221; use_theme_fonts=&#8221;yes&#8221; el_class=&#8221;nombre&#8221; sub_heading=&#8221;Victoria Gonz\u00e1lez&#8221;][\/vc_column_inner][\/vc_row_inner][vc_row_inner][vc_column_inner offset=&#8221;vc_hidden-lg vc_hidden-md&#8221;][vc_custom_heading heading_style=&#8221;heading_style_3&#8243; text=&#8221;&#8221; font_container=&#8221;tag:h1|font_size:20px|text_align:center&#8221; use_theme_fonts=&#8221;yes&#8221; el_class=&#8221;nombre&#8221; sub_heading=&#8221;Victoria Gonz\u00e1lez&#8221;][\/vc_column_inner][\/vc_row_inner][\/vc_column][\/vc_row][vc_row css=&#8221;.vc_custom_1637241631557{margin-top: -150px !important;}&#8221;][vc_column][vc_row_inner content_placement=&#8221;middle&#8221;][vc_column_inner width=&#8221;1\/2&#8243;][vc_single_image image=&#8221;4219&#8243; img_size=&#8221;full&#8221;][\/vc_column_inner][vc_column_inner width=&#8221;1\/2&#8243; css=&#8221;.vc_custom_1637225844218{margin-top: 2% !important;margin-right: 2% !important;margin-bottom: 2% !important;margin-left: 2% !important;padding-top: 8% !important;padding-right: 8% !important;padding-bottom: 8% [&hellip;]","og_url":"https:\/\/realinfluencers.webs.upv.es\/val-es\/victoria-gonzalez\/","og_site_name":"Upvers","article_modified_time":"2021-11-26T11:53:21+00:00","og_image":[{"width":2560,"height":1600,"url":"https:\/\/realinfluencers.webs.upv.es\/wp-content\/uploads\/2021\/11\/UPVERS-Slider-scaled.jpg","type":"image\/jpeg"}],"twitter_card":"summary_large_image","twitter_misc":{"Est. reading time":"1 minute"},"schema":{"@context":"https:\/\/schema.org","@graph":[{"@type":"WebPage","@id":"https:\/\/realinfluencers.webs.upv.es\/val-es\/victoria-gonzalez\/","url":"https:\/\/realinfluencers.webs.upv.es\/val-es\/victoria-gonzalez\/","name":"Victoria Gonz\u00e1lez - Upvers","isPartOf":{"@id":"https:\/\/realinfluencers.webs.upv.es\/#website"},"datePublished":"2021-11-26T10:06:51+00:00","dateModified":"2021-11-26T11:53:21+00:00","breadcrumb":{"@id":"https:\/\/realinfluencers.webs.upv.es\/val-es\/victoria-gonzalez\/#breadcrumb"},"inLanguage":"val-ES","potentialAction":[{"@type":"ReadAction","target":["https:\/\/realinfluencers.webs.upv.es\/val-es\/victoria-gonzalez\/"]}]},{"@type":"BreadcrumbList","@id":"https:\/\/realinfluencers.webs.upv.es\/val-es\/victoria-gonzalez\/#breadcrumb","itemListElement":[{"@type":"ListItem","position":1,"name":"Portada","item":"https:\/\/realinfluencers.webs.upv.es\/val-es\/"},{"@type":"ListItem","position":2,"name":"Victoria Gonz\u00e1lez"}]},{"@type":"WebSite","@id":"https:\/\/realinfluencers.webs.upv.es\/#website","url":"https:\/\/realinfluencers.webs.upv.es\/","name":"Upvers","description":"","publisher":{"@id":"https:\/\/realinfluencers.webs.upv.es\/#organization"},"potentialAction":[{"@type":"SearchAction","target":{"@type":"EntryPoint","urlTemplate":"https:\/\/realinfluencers.webs.upv.es\/?s={search_term_string}"},"query-input":{"@type":"PropertyValueSpecification","valueRequired":true,"valueName":"search_term_string"}}],"inLanguage":"val-ES"},{"@type":"Organization","@id":"https:\/\/realinfluencers.webs.upv.es\/#organization","name":"Alumni Upvers","url":"https:\/\/realinfluencers.webs.upv.es\/","logo":{"@type":"ImageObject","inLanguage":"val-ES","@id":"https:\/\/realinfluencers.webs.upv.es\/#\/schema\/logo\/image\/","url":"https:\/\/realinfluencers.webs.upv.es\/wp-content\/uploads\/2021\/11\/UPVERS-logo.png","contentUrl":"https:\/\/realinfluencers.webs.upv.es\/wp-content\/uploads\/2021\/11\/UPVERS-logo.png","width":833,"height":1042,"caption":"Alumni Upvers"},"image":{"@id":"https:\/\/realinfluencers.webs.upv.es\/#\/schema\/logo\/image\/"}}]}},"_links":{"self":[{"href":"https:\/\/realinfluencers.webs.upv.es\/val-es\/wp-json\/wp\/v2\/pages\/4173","targetHints":{"allow":["GET"]}}],"collection":[{"href":"https:\/\/realinfluencers.webs.upv.es\/val-es\/wp-json\/wp\/v2\/pages"}],"about":[{"href":"https:\/\/realinfluencers.webs.upv.es\/val-es\/wp-json\/wp\/v2\/types\/page"}],"author":[{"embeddable":true,"href":"https:\/\/realinfluencers.webs.upv.es\/val-es\/wp-json\/wp\/v2\/users\/2"}],"replies":[{"embeddable":true,"href":"https:\/\/realinfluencers.webs.upv.es\/val-es\/wp-json\/wp\/v2\/comments?post=4173"}],"version-history":[{"count":3,"href":"https:\/\/realinfluencers.webs.upv.es\/val-es\/wp-json\/wp\/v2\/pages\/4173\/revisions"}],"predecessor-version":[{"id":4221,"href":"https:\/\/realinfluencers.webs.upv.es\/val-es\/wp-json\/wp\/v2\/pages\/4173\/revisions\/4221"}],"wp:attachment":[{"href":"https:\/\/realinfluencers.webs.upv.es\/val-es\/wp-json\/wp\/v2\/media?parent=4173"}],"curies":[{"name":"wp","href":"https:\/\/api.w.org\/{rel}","templated":true}]}}